{"id":3006,"date":"2024-11-22T10:11:30","date_gmt":"2024-11-22T09:11:30","guid":{"rendered":"https:\/\/www.costasolcruceros.com\/?page_id=3006"},"modified":"2025-03-10T11:57:50","modified_gmt":"2025-03-10T10:57:50","slug":"condiciones-generales-de-transporte-maritimo-en-regimen-de-excursion-maritima","status":"publish","type":"page","link":"https:\/\/www.costasolcruceros.com\/en\/condiciones-generales-de-transporte-maritimo-en-regimen-de-excursion-maritima\/","title":{"rendered":"General conditions of maritime transport under the maritime excursion regime"},"content":{"rendered":"<div data-elementor-type=\"wp-page\" data-elementor-id=\"3006\" class=\"elementor elementor-3006\" data-elementor-post-type=\"page\">\n\t\t\t\t<div data-particle_enable=\"false\" data-particle-mobile-disabled=\"false\" class=\"elementor-element elementor-element-91ee248 e-flex e-con-boxed e-con e-parent\" data-id=\"91ee248\" data-element_type=\"container\" data-e-type=\"container\">\n\t\t\t\t\t<div class=\"e-con-inner\">\n\t\t\t\t<div class=\"elementor-element elementor-element-6f367ac elementor-widget elementor-widget-heading\" data-id=\"6f367ac\" data-element_type=\"widget\" data-e-type=\"widget\" data-widget_type=\"heading.default\">\n\t\t\t\t<div class=\"elementor-widget-container\">\n\t\t\t\t\t<h1 class=\"elementor-heading-title elementor-size-default\">General conditions of maritime transport under the maritime excursion regime<\/h1>\t\t\t\t<\/div>\n\t\t\t\t<\/div>\n\t\t\t\t<div class=\"elementor-element elementor-element-45e3c9a elementor-widget elementor-widget-text-editor\" data-id=\"45e3c9a\" data-element_type=\"widget\" data-e-type=\"widget\" data-widget_type=\"text-editor.default\">\n\t\t\t\t<div class=\"elementor-widget-container\">\n\t\t\t\t\t\t\t\t\t<p>These General Conditions of Maritime Transport are posted and available to the public for consultation prior to booking and purchasing tickets, both in paper format, in all sales areas at the Carrier&#039;s official ticket offices, and in digital format, on the Company&#039;s website (<a href=\"https:\/\/www.costasolcruceros.com\/en\/\">https:\/\/www.costasolcruceros.com\/<\/a>).<\/p><p><strong>1.-DEFINITIONS<\/strong><\/p><p>\u201cCarrier\u201d means the Company COSTASOL CRUCEROS SL that carries out the transport of passengers on a maritime excursion basis with its ships, under any operating and\/or management regime.<\/p><p>\u201cMaritime excursion\u201d means a passenger transport service associated with tourist trips on ships or boats that depart from a port and, after following an itinerary, return to the port of departure within a period of no more than 12 hours, and may stop at anchor and make intermediate stops at another port, but all passengers must complete the entire itinerary.<\/p><p>\u201cVessel\u201d means a vessel used for navigation by sea or on inland waterways, which is a passenger ship.<\/p><p>\u201cPassenger contract\u201d means the contract of carriage between the carrier and a passenger for the provision of one or more passenger transport services on a maritime excursion basis.<\/p><p>\u201cTicket\u201d or \u201cboarding pass\u201d means a document validly issued by the carrier as proof of the passenger transport contract entered into.<\/p><p><strong>2.- APPLICABLE LAW AND LIABILITY REGIME<\/strong><\/p><p>This contract for the transport of passengers on a maritime excursion will be subject to Spanish law, community regulations and those international conventions to which Spain is a party. Specifically, Law 14\/2014, of July 24, on Maritime Navigation, which is considered incorporated into the passenger contract, will apply to this transport contract.<\/p><p><strong>3.- PASSAGE AND TICKET CONTRACT<\/strong><\/p><p>Under the passenger contract, documented by the issuance of the corresponding ticket and\/or boarding pass, the carrier is obliged, in exchange for a price, to transport the passenger by sea, and where applicable, his\/her luggage, on a maritime excursion basis.<\/p><p>The ticket is personal and non-transferable and may be issued in electronic format. The maritime transport contract is finalized with the prior payment of the ticket duly issued by the carrier, it being understood that the passenger expressly accepts all its terms and conditions, by the mere fact of having used it as a transport document.<\/p><p>Only persons with a ticket and\/or boarding pass for the date, time and route indicated on both may board the plane. The carrier is not responsible for the loss of the ticket\/boarding pass. Passengers are required to keep both documents throughout the journey. In the event of a claim, passengers must present a copy of the ticket and the boarding pass, otherwise the claim cannot be processed.<\/p><p>The carrier offers passenger transport subject to its general, promotional and\/or special rates, duly published in all sales areas, at official ticket offices and on the company&#039;s website. The carrier reserves the right to modify these rates without prior notice.<\/p><p>The carrier is not responsible for the passenger&#039;s handbags and belongings in case of theft or loss.<\/p><p>Complaint forms and suggestions are available to travellers at our departure and arrival points.<\/p><p><strong> 4. SCHEDULES, ROUTE, BOARDING, AND CANCELLATIONS<\/strong><\/p><p>The departure times of each sea excursion are predetermined and available to the public for consultation prior to booking and purchasing tickets, both in paper format, in all sales areas at the Carrier&#039;s official ticket offices, and in digital format, on the Company&#039;s website (https:\/\/www.costasolcruceros.com).<\/p><p>The carrier is authorized to modify the announced schedules and even suspend and cancel the transport for reasons of safety, organisation, weather or force majeure.<\/p><p>The carrier will determine and inform the \u201ccut-off time\u201d for acceptance for boarding, after which boarding will be denied to passengers who are not ready to board. The carrier declines any liability for the denial of boarding to passengers who present themselves after the cut-off time for acceptance for boarding has passed.<\/p><p>The carrier will be free to carry out the transport following the route and itinerary it considers most appropriate.<\/p><p>In case of cancellations by the passenger, the following conditions will apply:<\/p><p>-Cancellations made at least 24 hours prior to departure will NOT be penalized.<\/p><p><strong>5. DISCIPLINE ON BOARD<\/strong><\/p><p>The captain has command and direction of the ship, has authority on board, and may take any police measures he deems necessary to maintain order on the ship, as well as to ensure the safety of all those on board. Passengers must obey the captain&#039;s orders, without prejudice to their right to make any complaints they deem appropriate once the ship has arrived in port.<\/p><p><strong>6. MAIN SERVICE, ACCESSORY SERVICES AND TAX REGIME<\/strong><\/p><p>For the purposes of the provisions of Law 37\/1992, of December 28, on Value Added Tax (VAT), VAT will be charged at the reduced rate of 10% since this is a maritime passenger transport activity (art. 91.one.2.1\u00b0 of Law 37\/1992). Other accessory services on board, such as consumption on board, are taxed jointly with the main transport operation.<\/p><p><strong>7. JURISDICTION:<\/strong><\/p><p>Any disputes arising in relation to the interpretation, application or execution of the transport contract shall be subject to the jurisdiction of the Commercial Courts of Malaga, without prejudice to the consumer&#039;s right to resort to alternative dispute resolution in consumer matters.<\/p>\t\t\t\t\t\t\t\t<\/div>\n\t\t\t\t<\/div>\n\t\t\t\t\t<\/div>\n\t\t\t\t<\/div>\n\t\t\t\t<\/div>","protected":false},"excerpt":{"rendered":"<p>Las presentes Condiciones Generales de Transporte Mar\u00edtimo se encuentran expuestas y disponibles al p\u00fablico para la consulta previa a la reserva y compra de billetes, tanto en formato papel, en todas las zonas de venta en las taquillas oficiales del Transportista, como en formato digital, en la p\u00e1gina web de la Compa\u00f1\u00eda (https:\/\/www.costasolcruceros.com\/). 1.-DEFINICIONES Por [&hellip;]<\/p>\n","protected":false},"author":3,"featured_media":0,"parent":0,"menu_order":0,"comment_status":"closed","ping_status":"closed","template":"","meta":{"footnotes":""},"class_list":["post-3006","page","type-page","status-publish","hentry"],"yoast_head":"<!-- This site is optimized with the Yoast SEO plugin v27.4 - https:\/\/yoast.com\/product\/yoast-seo-wordpress\/ -->\n<title>Condiciones generales de transporte mar\u00edtimo en r\u00e9gimen de excursi\u00f3n mar\u00edtima - Costasol Cruceros<\/title>\n<meta name=\"robots\" content=\"noindex, nofollow\" \/>\n<meta property=\"og:locale\" content=\"en_GB\" \/>\n<meta property=\"og:type\" content=\"article\" \/>\n<meta property=\"og:title\" content=\"Condiciones generales de transporte mar\u00edtimo en r\u00e9gimen de excursi\u00f3n mar\u00edtima - Costasol Cruceros\" \/>\n<meta property=\"og:description\" content=\"Las presentes Condiciones Generales de Transporte Mar\u00edtimo se encuentran expuestas y disponibles al p\u00fablico para la consulta previa a la reserva y compra de billetes, tanto en formato papel, en todas las zonas de venta en las taquillas oficiales del Transportista, como en formato digital, en la p\u00e1gina web de la Compa\u00f1\u00eda (https:\/\/www.costasolcruceros.com\/). 1.-DEFINICIONES Por [&hellip;]\" \/>\n<meta property=\"og:url\" content=\"https:\/\/www.costasolcruceros.com\/en\/condiciones-generales-de-transporte-maritimo-en-regimen-de-excursion-maritima\/\" \/>\n<meta property=\"og:site_name\" content=\"Costasol Cruceros\" \/>\n<meta property=\"article:modified_time\" content=\"2025-03-10T10:57:50+00:00\" \/>\n<meta name=\"twitter:card\" content=\"summary_large_image\" \/>\n<meta name=\"twitter:label1\" content=\"Estimated reading time\" \/>\n\t<meta name=\"twitter:data1\" content=\"5 minutes\" \/>\n<script type=\"application\/ld+json\" class=\"yoast-schema-graph\">{\"@context\":\"https:\\\/\\\/schema.org\",\"@graph\":[{\"@type\":\"WebPage\",\"@id\":\"https:\\\/\\\/www.costasolcruceros.com\\\/condiciones-generales-de-transporte-maritimo-en-regimen-de-excursion-maritima\\\/\",\"url\":\"https:\\\/\\\/www.costasolcruceros.com\\\/condiciones-generales-de-transporte-maritimo-en-regimen-de-excursion-maritima\\\/\",\"name\":\"Condiciones generales de transporte mar\u00edtimo en r\u00e9gimen de excursi\u00f3n mar\u00edtima - Costasol Cruceros\",\"isPartOf\":{\"@id\":\"https:\\\/\\\/www.costasolcruceros.com\\\/#website\"},\"datePublished\":\"2024-11-22T09:11:30+00:00\",\"dateModified\":\"2025-03-10T10:57:50+00:00\",\"breadcrumb\":{\"@id\":\"https:\\\/\\\/www.costasolcruceros.com\\\/condiciones-generales-de-transporte-maritimo-en-regimen-de-excursion-maritima\\\/#breadcrumb\"},\"inLanguage\":\"en-GB\",\"potentialAction\":[{\"@type\":\"ReadAction\",\"target\":[\"https:\\\/\\\/www.costasolcruceros.com\\\/condiciones-generales-de-transporte-maritimo-en-regimen-de-excursion-maritima\\\/\"]}]},{\"@type\":\"BreadcrumbList\",\"@id\":\"https:\\\/\\\/www.costasolcruceros.com\\\/condiciones-generales-de-transporte-maritimo-en-regimen-de-excursion-maritima\\\/#breadcrumb\",\"itemListElement\":[{\"@type\":\"ListItem\",\"position\":1,\"name\":\"Portada\",\"item\":\"https:\\\/\\\/www.costasolcruceros.com\\\/\"},{\"@type\":\"ListItem\",\"position\":2,\"name\":\"Condiciones generales de transporte mar\u00edtimo en r\u00e9gimen de excursi\u00f3n mar\u00edtima\"}]},{\"@type\":\"WebSite\",\"@id\":\"https:\\\/\\\/www.costasolcruceros.com\\\/#website\",\"url\":\"https:\\\/\\\/www.costasolcruceros.com\\\/\",\"name\":\"Costasol Cruceros\",\"description\":\"Paseo en barcos y Ferry Benalmadena Fuengirola\",\"publisher\":{\"@id\":\"https:\\\/\\\/www.costasolcruceros.com\\\/#organization\"},\"potentialAction\":[{\"@type\":\"SearchAction\",\"target\":{\"@type\":\"EntryPoint\",\"urlTemplate\":\"https:\\\/\\\/www.costasolcruceros.com\\\/?s={search_term_string}\"},\"query-input\":{\"@type\":\"PropertyValueSpecification\",\"valueRequired\":true,\"valueName\":\"search_term_string\"}}],\"inLanguage\":\"en-GB\"},{\"@type\":\"Organization\",\"@id\":\"https:\\\/\\\/www.costasolcruceros.com\\\/#organization\",\"name\":\"Costasol Cruceros\",\"url\":\"https:\\\/\\\/www.costasolcruceros.com\\\/\",\"logo\":{\"@type\":\"ImageObject\",\"inLanguage\":\"en-GB\",\"@id\":\"https:\\\/\\\/www.costasolcruceros.com\\\/#\\\/schema\\\/logo\\\/image\\\/\",\"url\":\"https:\\\/\\\/www.costasolcruceros.com\\\/wp-content\\\/uploads\\\/2024\\\/07\\\/logotipo-csc.png\",\"contentUrl\":\"https:\\\/\\\/www.costasolcruceros.com\\\/wp-content\\\/uploads\\\/2024\\\/07\\\/logotipo-csc.png\",\"width\":600,\"height\":409,\"caption\":\"Costasol Cruceros\"},\"image\":{\"@id\":\"https:\\\/\\\/www.costasolcruceros.com\\\/#\\\/schema\\\/logo\\\/image\\\/\"}}]}<\/script>\n<!-- \/ Yoast SEO plugin. -->","yoast_head_json":{"title":"General conditions of maritime transport under the maritime excursion regime - Costasol Cruises","robots":{"index":"noindex","follow":"nofollow"},"og_locale":"en_GB","og_type":"article","og_title":"Condiciones generales de transporte mar\u00edtimo en r\u00e9gimen de excursi\u00f3n mar\u00edtima - Costasol Cruceros","og_description":"Las presentes Condiciones Generales de Transporte Mar\u00edtimo se encuentran expuestas y disponibles al p\u00fablico para la consulta previa a la reserva y compra de billetes, tanto en formato papel, en todas las zonas de venta en las taquillas oficiales del Transportista, como en formato digital, en la p\u00e1gina web de la Compa\u00f1\u00eda (https:\/\/www.costasolcruceros.com\/). 1.-DEFINICIONES Por [&hellip;]","og_url":"https:\/\/www.costasolcruceros.com\/en\/condiciones-generales-de-transporte-maritimo-en-regimen-de-excursion-maritima\/","og_site_name":"Costasol Cruceros","article_modified_time":"2025-03-10T10:57:50+00:00","twitter_card":"summary_large_image","twitter_misc":{"Estimated reading time":"5 minutes"},"schema":{"@context":"https:\/\/schema.org","@graph":[{"@type":"WebPage","@id":"https:\/\/www.costasolcruceros.com\/condiciones-generales-de-transporte-maritimo-en-regimen-de-excursion-maritima\/","url":"https:\/\/www.costasolcruceros.com\/condiciones-generales-de-transporte-maritimo-en-regimen-de-excursion-maritima\/","name":"General conditions of maritime transport under the maritime excursion regime - Costasol Cruises","isPartOf":{"@id":"https:\/\/www.costasolcruceros.com\/#website"},"datePublished":"2024-11-22T09:11:30+00:00","dateModified":"2025-03-10T10:57:50+00:00","breadcrumb":{"@id":"https:\/\/www.costasolcruceros.com\/condiciones-generales-de-transporte-maritimo-en-regimen-de-excursion-maritima\/#breadcrumb"},"inLanguage":"en-GB","potentialAction":[{"@type":"ReadAction","target":["https:\/\/www.costasolcruceros.com\/condiciones-generales-de-transporte-maritimo-en-regimen-de-excursion-maritima\/"]}]},{"@type":"BreadcrumbList","@id":"https:\/\/www.costasolcruceros.com\/condiciones-generales-de-transporte-maritimo-en-regimen-de-excursion-maritima\/#breadcrumb","itemListElement":[{"@type":"ListItem","position":1,"name":"Portada","item":"https:\/\/www.costasolcruceros.com\/"},{"@type":"ListItem","position":2,"name":"Condiciones generales de transporte mar\u00edtimo en r\u00e9gimen de excursi\u00f3n mar\u00edtima"}]},{"@type":"WebSite","@id":"https:\/\/www.costasolcruceros.com\/#website","url":"https:\/\/www.costasolcruceros.com\/","name":"Costasol Cruceros","description":"Boat ride and ferry from Benalmadena to Fuengirola","publisher":{"@id":"https:\/\/www.costasolcruceros.com\/#organization"},"potentialAction":[{"@type":"SearchAction","target":{"@type":"EntryPoint","urlTemplate":"https:\/\/www.costasolcruceros.com\/?s={search_term_string}"},"query-input":{"@type":"PropertyValueSpecification","valueRequired":true,"valueName":"search_term_string"}}],"inLanguage":"en-GB"},{"@type":"Organization","@id":"https:\/\/www.costasolcruceros.com\/#organization","name":"Costasol Cruceros","url":"https:\/\/www.costasolcruceros.com\/","logo":{"@type":"ImageObject","inLanguage":"en-GB","@id":"https:\/\/www.costasolcruceros.com\/#\/schema\/logo\/image\/","url":"https:\/\/www.costasolcruceros.com\/wp-content\/uploads\/2024\/07\/logotipo-csc.png","contentUrl":"https:\/\/www.costasolcruceros.com\/wp-content\/uploads\/2024\/07\/logotipo-csc.png","width":600,"height":409,"caption":"Costasol Cruceros"},"image":{"@id":"https:\/\/www.costasolcruceros.com\/#\/schema\/logo\/image\/"}}]}},"_links":{"self":[{"href":"https:\/\/www.costasolcruceros.com\/en\/wp-json\/wp\/v2\/pages\/3006","targetHints":{"allow":["GET"]}}],"collection":[{"href":"https:\/\/www.costasolcruceros.com\/en\/wp-json\/wp\/v2\/pages"}],"about":[{"href":"https:\/\/www.costasolcruceros.com\/en\/wp-json\/wp\/v2\/types\/page"}],"author":[{"embeddable":true,"href":"https:\/\/www.costasolcruceros.com\/en\/wp-json\/wp\/v2\/users\/3"}],"replies":[{"embeddable":true,"href":"https:\/\/www.costasolcruceros.com\/en\/wp-json\/wp\/v2\/comments?post=3006"}],"version-history":[{"count":20,"href":"https:\/\/www.costasolcruceros.com\/en\/wp-json\/wp\/v2\/pages\/3006\/revisions"}],"predecessor-version":[{"id":3864,"href":"https:\/\/www.costasolcruceros.com\/en\/wp-json\/wp\/v2\/pages\/3006\/revisions\/3864"}],"wp:attachment":[{"href":"https:\/\/www.costasolcruceros.com\/en\/wp-json\/wp\/v2\/media?parent=3006"}],"curies":[{"name":"wp","href":"https:\/\/api.w.org\/{rel}","templated":true}]}}